{"id":4009,"date":"2026-03-10T19:34:25","date_gmt":"2026-03-10T19:34:25","guid":{"rendered":"https:\/\/dmlequipeur.com\/?page_id=4009"},"modified":"2026-03-10T19:39:31","modified_gmt":"2026-03-10T19:39:31","slug":"lac-st-marie","status":"publish","type":"page","link":"https:\/\/dmlequipeur.com\/fr\/projets\/lac-st-marie\/","title":{"rendered":"Lac St-Marie"},"content":{"rendered":"<div class=\"wpb-content-wrapper\"><p>[vc_row css=&#8221;.vc_custom_1529675265044{margin-top: 90px !important;margin-bottom: 90px !important;}&#8221;][vc_column width=&#8221;2\/3&#8243;][vc_single_image image=&#8221;4010&#8243; img_size=&#8221;full&#8221; alignment=&#8221;center&#8221; onclick=&#8221;zoom&#8221; css_animation=&#8221;fadeInUp&#8221; css=&#8221;&#8221;][vc_custom_heading text=&#8221;Lac St-Marie&#8221; font_container=&#8221;tag:h2|font_size:35px|text_align:left|color:%23252525|line_height:45px&#8221; use_theme_fonts=&#8221;yes&#8221; css_animation=&#8221;fadeInUp&#8221; css=&#8221;.vc_custom_1773171223403{margin-top: 10px !important;margin-bottom: 20px !important;}&#8221;][vc_column_text css_animation=&#8221;fadeInUp&#8221; css=&#8221;.vc_custom_1773171567012{margin-bottom: 30px !important;}&#8221;]<\/p>\n<p data-start=\"447\" data-end=\"740\">Ce projet r\u00e9alis\u00e9 au Lac-Sainte-Marie met en valeur une construction chaleureuse parfaitement int\u00e9gr\u00e9e \u00e0 son environnement naturel. Pens\u00e9e pour maximiser la luminosit\u00e9 et les vues sur le paysage, la r\u00e9sidence combine des mat\u00e9riaux durables et une architecture contemporaine aux lignes \u00e9pur\u00e9es.<\/p>\n<blockquote>\n<p data-start=\"742\" data-end=\"1074\">Les larges ouvertures et les espaces ext\u00e9rieurs invitent \u00e0 profiter pleinement du cadre naturel, tandis que les finitions soigneusement s\u00e9lectionn\u00e9es apportent une touche \u00e0 la fois moderne et intemporelle. Chaque d\u00e9tail du projet a \u00e9t\u00e9 con\u00e7u pour offrir un espace de vie confortable, fonctionnel et en harmonie avec le d\u00e9cor du lac.<\/p>\n<\/blockquote>\n<p data-start=\"1076\" data-end=\"1237\">Le r\u00e9sultat est une habitation qui marie \u00e9l\u00e9gance, simplicit\u00e9 et connexion avec la nature, id\u00e9ale pour profiter pleinement du calme et de la beaut\u00e9 de la r\u00e9gion.<\/p>\n<p>[\/vc_column_text][vc_empty_space height=&#8221;50px&#8221;][vc_gallery type=&#8221;flexslider_slide&#8221; interval=&#8221;0&#8243; images=&#8221;4013,4015,4017,4019,4021,4023,4025,4028,4030,4032,4034,4036,4038&#8243; img_size=&#8221;full&#8221; css=&#8221;&#8221;][\/vc_column][vc_column width=&#8221;1\/3&#8243;][vc_column_text css_animation=&#8221;fadeInUp&#8221; css=&#8221;.vc_custom_1751468350186{margin-top: 30px !important;padding-top: 50px !important;padding-right: 50px !important;padding-bottom: 50px !important;padding-left: 50px !important;background-color: #252525 !important;}&#8221; el_class=&#8221;get-a-consultation-sidebar&#8221;]\n<div class=\"wpcf7 no-js\" id=\"wpcf7-f3686-o1\" lang=\"fr-FR\" dir=\"ltr\" data-wpcf7-id=\"3686\">\n<div class=\"screen-reader-response\"><p role=\"status\" aria-live=\"polite\" aria-atomic=\"true\"><\/p> <ul><\/ul><\/div>\n<form action=\"\/fr\/wp-json\/wp\/v2\/pages\/4009#wpcf7-f3686-o1\" method=\"post\" class=\"wpcf7-form init\" aria-label=\"Formulaire de contact\" novalidate=\"novalidate\" data-status=\"init\">\n<fieldset class=\"hidden-fields-container\"><input type=\"hidden\" name=\"_wpcf7\" value=\"3686\" \/><input type=\"hidden\" name=\"_wpcf7_version\" value=\"6.1.5\" \/><input type=\"hidden\" name=\"_wpcf7_locale\" value=\"fr_FR\" \/><input type=\"hidden\" name=\"_wpcf7_unit_tag\" value=\"wpcf7-f3686-o1\" \/><input type=\"hidden\" name=\"_wpcf7_container_post\" value=\"0\" \/><input type=\"hidden\" name=\"_wpcf7_posted_data_hash\" value=\"\" \/><input type=\"hidden\" name=\"_wpcf7_recaptcha_response\" value=\"\" \/>\n<\/fieldset>\n<div class=\"trankad-contact trankad-contact-sidebar row\">\n\t<div class=\"col-md-12\">\n\t\t<h3>Contact\n\t\t<\/h3>\n\t\t<p>Des questions ? Obtenez des r\u00e9ponses\n\t\t<\/p>\n\t<\/div>\n\t<div class=\"col-md-12\">\n\t\t<p><label><span class=\"wpcf7-form-control-wrap\" data-name=\"first-name\"><input size=\"40\" maxlength=\"400\" class=\"wpcf7-form-control wpcf7-text wpcf7-validates-as-required\" aria-required=\"true\" aria-invalid=\"false\" placeholder=\"Nom complet\" value=\"\" type=\"text\" name=\"first-name\" \/><\/span><\/label>\n\t\t<\/p>\n\t<\/div>\n\t<div class=\"col-md-12\">\n\t\t<p><label><span class=\"wpcf7-form-control-wrap\" data-name=\"email\"><input size=\"40\" maxlength=\"400\" class=\"wpcf7-form-control wpcf7-email wpcf7-validates-as-required wpcf7-text wpcf7-validates-as-email\" aria-required=\"true\" aria-invalid=\"false\" placeholder=\"Adresse e-mail\" value=\"\" type=\"email\" name=\"email\" \/><\/span><\/label>\n\t\t<\/p>\n\t<\/div>\n\t<div class=\"col-md-12\">\n\t\t<p><label><span class=\"wpcf7-form-control-wrap\" data-name=\"phone\"><input size=\"40\" maxlength=\"400\" class=\"wpcf7-form-control wpcf7-tel wpcf7-validates-as-required wpcf7-text wpcf7-validates-as-tel\" aria-required=\"true\" aria-invalid=\"false\" placeholder=\"Num\u00e9ro de t\u00e9l\u00e9phone\" value=\"\" type=\"tel\" name=\"phone\" \/><\/span><\/label>\n\t\t<\/p>\n\t<\/div>\n\t<div class=\"col-md-12\">\n\t\t<p><button type=\"submit\" class=\"wpcf7-form-control wpcf7-submit\">Envoyer<\/button>\n\t\t<\/p>\n\t<\/div>\n<\/div><div class=\"wpcf7-response-output\" aria-hidden=\"true\"><\/div>\n<\/form>\n<\/div>\n[\/vc_column_text][\/vc_column][\/vc_row]<\/p>\n<\/div>","protected":false},"excerpt":{"rendered":"<p>[vc_row css=&#8221;.vc_custom_1529675265044{margin-top: 90px !important;margin-bottom: 90px !important;}&#8221;][vc_column width=&#8221;2\/3&#8243;][vc_single_image image=&#8221;4010&#8243; img_size=&#8221;full&#8221; alignment=&#8221;center&#8221; onclick=&#8221;zoom&#8221; css_animation=&#8221;fadeInUp&#8221; css=&#8221;&#8221;][vc_custom_heading text=&#8221;Lac St-Marie&#8221; font_container=&#8221;tag:h2|font_size:35px|text_align:left|color:%23252525|line_height:45px&#8221; use_theme_fonts=&#8221;yes&#8221; css_animation=&#8221;fadeInUp&#8221; css=&#8221;.vc_custom_1773171223403{margin-top: 10px !important;margin-bottom: 20px !important;}&#8221;][vc_column_text css_animation=&#8221;fadeInUp&#8221; css=&#8221;.vc_custom_1773171567012{margin-bottom: 30px !important;}&#8221;] Ce projet r\u00e9alis\u00e9 au Lac-Sainte-Marie met en valeur une construction chaleureuse parfaitement int\u00e9gr\u00e9e \u00e0 son environnement naturel. Pens\u00e9e pour maximiser la luminosit\u00e9 et les vues sur le paysage, [&hellip;]<\/p>\n","protected":false},"author":1,"featured_media":3066,"parent":3662,"menu_order":0,"comment_status":"closed","ping_status":"closed","template":"","meta":{"footnotes":""},"class_list":["post-4009","page","type-page","status-publish","has-post-thumbnail","hentry"],"yoast_head":"<!-- This site is optimized with the Yoast SEO plugin v27.4 - https:\/\/yoast.com\/product\/yoast-seo-wordpress\/ -->\n<title>Lac St-Marie - DM L\u2019EQUIPEUR<\/title>\n<meta name=\"robots\" content=\"index, follow, max-snippet:-1, max-image-preview:large, max-video-preview:-1\" \/>\n<link rel=\"canonical\" href=\"https:\/\/dmlequipeur.com\/fr\/projets\/lac-st-marie\/\" \/>\n<meta property=\"og:locale\" content=\"fr_FR\" \/>\n<meta property=\"og:type\" content=\"article\" \/>\n<meta property=\"og:title\" content=\"Lac St-Marie - DM L\u2019EQUIPEUR\" \/>\n<meta property=\"og:description\" content=\"[vc_row css=&#8221;.vc_custom_1529675265044{margin-top: 90px !important;margin-bottom: 90px !important;}&#8221;][vc_column width=&#8221;2\/3&#8243;][vc_single_image image=&#8221;4010&#8243; img_size=&#8221;full&#8221; alignment=&#8221;center&#8221; onclick=&#8221;zoom&#8221; css_animation=&#8221;fadeInUp&#8221; css=&#8221;&#8221;][vc_custom_heading text=&#8221;Lac St-Marie&#8221; font_container=&#8221;tag:h2|font_size:35px|text_align:left|color:%23252525|line_height:45px&#8221; use_theme_fonts=&#8221;yes&#8221; css_animation=&#8221;fadeInUp&#8221; css=&#8221;.vc_custom_1773171223403{margin-top: 10px !important;margin-bottom: 20px !important;}&#8221;][vc_column_text css_animation=&#8221;fadeInUp&#8221; css=&#8221;.vc_custom_1773171567012{margin-bottom: 30px !important;}&#8221;] Ce projet r\u00e9alis\u00e9 au Lac-Sainte-Marie met en valeur une construction chaleureuse parfaitement int\u00e9gr\u00e9e \u00e0 son environnement naturel. Pens\u00e9e pour maximiser la luminosit\u00e9 et les vues sur le paysage, [&hellip;]\" \/>\n<meta property=\"og:url\" content=\"https:\/\/dmlequipeur.com\/fr\/projets\/lac-st-marie\/\" \/>\n<meta property=\"og:site_name\" content=\"DM L\u2019EQUIPEUR\" \/>\n<meta property=\"article:publisher\" content=\"https:\/\/www.facebook.com\/p\/DM-Lquipeur-100054229310517\/?_rdr\" \/>\n<meta property=\"article:modified_time\" content=\"2026-03-10T19:39:31+00:00\" \/>\n<meta property=\"og:image\" content=\"https:\/\/dmlequipeur.com\/wp-content\/uploads\/2019\/03\/breadcumbs-section.jpg\" \/>\n\t<meta property=\"og:image:width\" content=\"1500\" \/>\n\t<meta property=\"og:image:height\" content=\"255\" \/>\n\t<meta property=\"og:image:type\" content=\"image\/jpeg\" \/>\n<meta name=\"twitter:card\" content=\"summary_large_image\" \/>\n<meta name=\"twitter:label1\" content=\"Dur\u00e9e de lecture estim\u00e9e\" \/>\n\t<meta name=\"twitter:data1\" content=\"1 minute\" \/>\n<script type=\"application\/ld+json\" class=\"yoast-schema-graph\">{\"@context\":\"https:\\\/\\\/schema.org\",\"@graph\":[{\"@type\":\"WebPage\",\"@id\":\"https:\\\/\\\/dmlequipeur.com\\\/fr\\\/projets\\\/lac-st-marie\\\/\",\"url\":\"https:\\\/\\\/dmlequipeur.com\\\/fr\\\/projets\\\/lac-st-marie\\\/\",\"name\":\"Lac St-Marie - DM L\u2019EQUIPEUR\",\"isPartOf\":{\"@id\":\"https:\\\/\\\/dmlequipeur.com\\\/#website\"},\"primaryImageOfPage\":{\"@id\":\"https:\\\/\\\/dmlequipeur.com\\\/fr\\\/projets\\\/lac-st-marie\\\/#primaryimage\"},\"image\":{\"@id\":\"https:\\\/\\\/dmlequipeur.com\\\/fr\\\/projets\\\/lac-st-marie\\\/#primaryimage\"},\"thumbnailUrl\":\"https:\\\/\\\/dmlequipeur.com\\\/wp-content\\\/uploads\\\/2019\\\/03\\\/breadcumbs-section.jpg\",\"datePublished\":\"2026-03-10T19:34:25+00:00\",\"dateModified\":\"2026-03-10T19:39:31+00:00\",\"breadcrumb\":{\"@id\":\"https:\\\/\\\/dmlequipeur.com\\\/fr\\\/projets\\\/lac-st-marie\\\/#breadcrumb\"},\"inLanguage\":\"fr-FR\",\"potentialAction\":[{\"@type\":\"ReadAction\",\"target\":[\"https:\\\/\\\/dmlequipeur.com\\\/fr\\\/projets\\\/lac-st-marie\\\/\"]}]},{\"@type\":\"ImageObject\",\"inLanguage\":\"fr-FR\",\"@id\":\"https:\\\/\\\/dmlequipeur.com\\\/fr\\\/projets\\\/lac-st-marie\\\/#primaryimage\",\"url\":\"https:\\\/\\\/dmlequipeur.com\\\/wp-content\\\/uploads\\\/2019\\\/03\\\/breadcumbs-section.jpg\",\"contentUrl\":\"https:\\\/\\\/dmlequipeur.com\\\/wp-content\\\/uploads\\\/2019\\\/03\\\/breadcumbs-section.jpg\",\"width\":1500,\"height\":255},{\"@type\":\"BreadcrumbList\",\"@id\":\"https:\\\/\\\/dmlequipeur.com\\\/fr\\\/projets\\\/lac-st-marie\\\/#breadcrumb\",\"itemListElement\":[{\"@type\":\"ListItem\",\"position\":1,\"name\":\"Accueil\",\"item\":\"https:\\\/\\\/dmlequipeur.com\\\/fr\\\/\"},{\"@type\":\"ListItem\",\"position\":2,\"name\":\"Projets\",\"item\":\"https:\\\/\\\/dmlequipeur.com\\\/fr\\\/projets\\\/\"},{\"@type\":\"ListItem\",\"position\":3,\"name\":\"Lac St-Marie\"}]},{\"@type\":\"WebSite\",\"@id\":\"https:\\\/\\\/dmlequipeur.com\\\/#website\",\"url\":\"https:\\\/\\\/dmlequipeur.com\\\/\",\"name\":\"DM L\u2019EQUIPEUR\",\"description\":\"A TEAM OF EXPERIENCE AT YOUR SERVICE.\",\"publisher\":{\"@id\":\"https:\\\/\\\/dmlequipeur.com\\\/#organization\"},\"potentialAction\":[{\"@type\":\"SearchAction\",\"target\":{\"@type\":\"EntryPoint\",\"urlTemplate\":\"https:\\\/\\\/dmlequipeur.com\\\/?s={search_term_string}\"},\"query-input\":{\"@type\":\"PropertyValueSpecification\",\"valueRequired\":true,\"valueName\":\"search_term_string\"}}],\"inLanguage\":\"fr-FR\"},{\"@type\":\"Organization\",\"@id\":\"https:\\\/\\\/dmlequipeur.com\\\/#organization\",\"name\":\"DM L\u2019EQUIPEUR\",\"url\":\"https:\\\/\\\/dmlequipeur.com\\\/\",\"logo\":{\"@type\":\"ImageObject\",\"inLanguage\":\"fr-FR\",\"@id\":\"https:\\\/\\\/dmlequipeur.com\\\/#\\\/schema\\\/logo\\\/image\\\/\",\"url\":\"https:\\\/\\\/dmlequipeur.com\\\/wp-content\\\/uploads\\\/2025\\\/05\\\/logo_DM_vert.png\",\"contentUrl\":\"https:\\\/\\\/dmlequipeur.com\\\/wp-content\\\/uploads\\\/2025\\\/05\\\/logo_DM_vert.png\",\"width\":693,\"height\":110,\"caption\":\"DM L\u2019EQUIPEUR\"},\"image\":{\"@id\":\"https:\\\/\\\/dmlequipeur.com\\\/#\\\/schema\\\/logo\\\/image\\\/\"},\"sameAs\":[\"https:\\\/\\\/www.facebook.com\\\/p\\\/DM-Lquipeur-100054229310517\\\/?_rdr\"]}]}<\/script>\n<!-- \/ Yoast SEO plugin. -->","yoast_head_json":{"title":"Lac St-Marie - DM L\u2019EQUIPEUR","robots":{"index":"index","follow":"follow","max-snippet":"max-snippet:-1","max-image-preview":"max-image-preview:large","max-video-preview":"max-video-preview:-1"},"canonical":"https:\/\/dmlequipeur.com\/fr\/projets\/lac-st-marie\/","og_locale":"fr_FR","og_type":"article","og_title":"Lac St-Marie - DM L\u2019EQUIPEUR","og_description":"[vc_row css=&#8221;.vc_custom_1529675265044{margin-top: 90px !important;margin-bottom: 90px !important;}&#8221;][vc_column width=&#8221;2\/3&#8243;][vc_single_image image=&#8221;4010&#8243; img_size=&#8221;full&#8221; alignment=&#8221;center&#8221; onclick=&#8221;zoom&#8221; css_animation=&#8221;fadeInUp&#8221; css=&#8221;&#8221;][vc_custom_heading text=&#8221;Lac St-Marie&#8221; font_container=&#8221;tag:h2|font_size:35px|text_align:left|color:%23252525|line_height:45px&#8221; use_theme_fonts=&#8221;yes&#8221; css_animation=&#8221;fadeInUp&#8221; css=&#8221;.vc_custom_1773171223403{margin-top: 10px !important;margin-bottom: 20px !important;}&#8221;][vc_column_text css_animation=&#8221;fadeInUp&#8221; css=&#8221;.vc_custom_1773171567012{margin-bottom: 30px !important;}&#8221;] Ce projet r\u00e9alis\u00e9 au Lac-Sainte-Marie met en valeur une construction chaleureuse parfaitement int\u00e9gr\u00e9e \u00e0 son environnement naturel. Pens\u00e9e pour maximiser la luminosit\u00e9 et les vues sur le paysage, [&hellip;]","og_url":"https:\/\/dmlequipeur.com\/fr\/projets\/lac-st-marie\/","og_site_name":"DM L\u2019EQUIPEUR","article_publisher":"https:\/\/www.facebook.com\/p\/DM-Lquipeur-100054229310517\/?_rdr","article_modified_time":"2026-03-10T19:39:31+00:00","og_image":[{"width":1500,"height":255,"url":"https:\/\/dmlequipeur.com\/wp-content\/uploads\/2019\/03\/breadcumbs-section.jpg","type":"image\/jpeg"}],"twitter_card":"summary_large_image","twitter_misc":{"Dur\u00e9e de lecture estim\u00e9e":"1 minute"},"schema":{"@context":"https:\/\/schema.org","@graph":[{"@type":"WebPage","@id":"https:\/\/dmlequipeur.com\/fr\/projets\/lac-st-marie\/","url":"https:\/\/dmlequipeur.com\/fr\/projets\/lac-st-marie\/","name":"Lac St-Marie - DM L\u2019EQUIPEUR","isPartOf":{"@id":"https:\/\/dmlequipeur.com\/#website"},"primaryImageOfPage":{"@id":"https:\/\/dmlequipeur.com\/fr\/projets\/lac-st-marie\/#primaryimage"},"image":{"@id":"https:\/\/dmlequipeur.com\/fr\/projets\/lac-st-marie\/#primaryimage"},"thumbnailUrl":"https:\/\/dmlequipeur.com\/wp-content\/uploads\/2019\/03\/breadcumbs-section.jpg","datePublished":"2026-03-10T19:34:25+00:00","dateModified":"2026-03-10T19:39:31+00:00","breadcrumb":{"@id":"https:\/\/dmlequipeur.com\/fr\/projets\/lac-st-marie\/#breadcrumb"},"inLanguage":"fr-FR","potentialAction":[{"@type":"ReadAction","target":["https:\/\/dmlequipeur.com\/fr\/projets\/lac-st-marie\/"]}]},{"@type":"ImageObject","inLanguage":"fr-FR","@id":"https:\/\/dmlequipeur.com\/fr\/projets\/lac-st-marie\/#primaryimage","url":"https:\/\/dmlequipeur.com\/wp-content\/uploads\/2019\/03\/breadcumbs-section.jpg","contentUrl":"https:\/\/dmlequipeur.com\/wp-content\/uploads\/2019\/03\/breadcumbs-section.jpg","width":1500,"height":255},{"@type":"BreadcrumbList","@id":"https:\/\/dmlequipeur.com\/fr\/projets\/lac-st-marie\/#breadcrumb","itemListElement":[{"@type":"ListItem","position":1,"name":"Accueil","item":"https:\/\/dmlequipeur.com\/fr\/"},{"@type":"ListItem","position":2,"name":"Projets","item":"https:\/\/dmlequipeur.com\/fr\/projets\/"},{"@type":"ListItem","position":3,"name":"Lac St-Marie"}]},{"@type":"WebSite","@id":"https:\/\/dmlequipeur.com\/#website","url":"https:\/\/dmlequipeur.com\/","name":"DM L\u2019EQUIPEUR","description":"A TEAM OF EXPERIENCE AT YOUR SERVICE.","publisher":{"@id":"https:\/\/dmlequipeur.com\/#organization"},"potentialAction":[{"@type":"SearchAction","target":{"@type":"EntryPoint","urlTemplate":"https:\/\/dmlequipeur.com\/?s={search_term_string}"},"query-input":{"@type":"PropertyValueSpecification","valueRequired":true,"valueName":"search_term_string"}}],"inLanguage":"fr-FR"},{"@type":"Organization","@id":"https:\/\/dmlequipeur.com\/#organization","name":"DM L\u2019EQUIPEUR","url":"https:\/\/dmlequipeur.com\/","logo":{"@type":"ImageObject","inLanguage":"fr-FR","@id":"https:\/\/dmlequipeur.com\/#\/schema\/logo\/image\/","url":"https:\/\/dmlequipeur.com\/wp-content\/uploads\/2025\/05\/logo_DM_vert.png","contentUrl":"https:\/\/dmlequipeur.com\/wp-content\/uploads\/2025\/05\/logo_DM_vert.png","width":693,"height":110,"caption":"DM L\u2019EQUIPEUR"},"image":{"@id":"https:\/\/dmlequipeur.com\/#\/schema\/logo\/image\/"},"sameAs":["https:\/\/www.facebook.com\/p\/DM-Lquipeur-100054229310517\/?_rdr"]}]}},"_links":{"self":[{"href":"https:\/\/dmlequipeur.com\/fr\/wp-json\/wp\/v2\/pages\/4009","targetHints":{"allow":["GET"]}}],"collection":[{"href":"https:\/\/dmlequipeur.com\/fr\/wp-json\/wp\/v2\/pages"}],"about":[{"href":"https:\/\/dmlequipeur.com\/fr\/wp-json\/wp\/v2\/types\/page"}],"author":[{"embeddable":true,"href":"https:\/\/dmlequipeur.com\/fr\/wp-json\/wp\/v2\/users\/1"}],"replies":[{"embeddable":true,"href":"https:\/\/dmlequipeur.com\/fr\/wp-json\/wp\/v2\/comments?post=4009"}],"version-history":[{"count":4,"href":"https:\/\/dmlequipeur.com\/fr\/wp-json\/wp\/v2\/pages\/4009\/revisions"}],"predecessor-version":[{"id":4041,"href":"https:\/\/dmlequipeur.com\/fr\/wp-json\/wp\/v2\/pages\/4009\/revisions\/4041"}],"up":[{"embeddable":true,"href":"https:\/\/dmlequipeur.com\/fr\/wp-json\/wp\/v2\/pages\/3662"}],"wp:featuredmedia":[{"embeddable":true,"href":"https:\/\/dmlequipeur.com\/fr\/wp-json\/wp\/v2\/media\/3066"}],"wp:attachment":[{"href":"https:\/\/dmlequipeur.com\/fr\/wp-json\/wp\/v2\/media?parent=4009"}],"curies":[{"name":"wp","href":"https:\/\/api.w.org\/{rel}","templated":true}]}}