{"id":3662,"date":"2018-07-09T11:22:48","date_gmt":"2018-07-09T11:22:48","guid":{"rendered":"https:\/\/dmlequipeur.dev2.inter-vision.ca\/projects\/"},"modified":"2025-07-17T17:28:29","modified_gmt":"2025-07-17T17:28:29","slug":"projets","status":"publish","type":"page","link":"https:\/\/dmlequipeur.com\/fr\/projets\/","title":{"rendered":"Projets"},"content":{"rendered":"<div class=\"wpb-content-wrapper\"><p>[vc_row css=&#8221;.vc_custom_1529674838949{margin-top: 90px !important;margin-bottom: 90px !important;}&#8221;][vc_column]<div class=\"title-subtile-holder wow fadeInUp text_left\"><div class=\"section-subtitle dark_subtitle\">NOS PROJETS<\/div><h1 class=\"section-title dark_title\">Faire la bonne chose,<br \/>\nau bon moment<\/h1><div class=\"section-border dark_border\"><\/div><\/div>[vc_empty_space height=&#8221;10px&#8221;][vc_column_text css_animation=&#8221;none&#8221;][\/vc_column_text][\/vc_column][\/vc_row][vc_row full_width=&#8221;stretch_row&#8221; css=&#8221;.vc_custom_1553009489731{margin-bottom: 0px !important;padding-top: 0px !important;padding-bottom: 0px !important;background-color: #151515 !important;}&#8221;][vc_column][vc_row_inner css=&#8221;.vc_custom_1552647182103{margin-bottom: 0px !important;}&#8221;][vc_column_inner width=&#8221;7\/12&#8243; css=&#8221;.vc_custom_1553009441969{padding-top: 65px !important;padding-right: 50px !important;padding-bottom: 80px !important;}&#8221;][vc_column_text css_animation=&#8221;fadeInUp&#8221; css=&#8221;&#8221;]\n<div class=\"wpcf7 no-js\" id=\"wpcf7-f3665-o1\" lang=\"fr-FR\" dir=\"ltr\" data-wpcf7-id=\"3665\">\n<div class=\"screen-reader-response\"><p role=\"status\" aria-live=\"polite\" aria-atomic=\"true\"><\/p> <ul><\/ul><\/div>\n<form action=\"\/fr\/wp-json\/wp\/v2\/pages\/3662#wpcf7-f3665-o1\" method=\"post\" class=\"wpcf7-form init\" aria-label=\"Formulaire de contact\" novalidate=\"novalidate\" data-status=\"init\">\n<fieldset class=\"hidden-fields-container\"><input type=\"hidden\" name=\"_wpcf7\" value=\"3665\" \/><input type=\"hidden\" name=\"_wpcf7_version\" value=\"6.1.5\" \/><input type=\"hidden\" name=\"_wpcf7_locale\" value=\"fr_FR\" \/><input type=\"hidden\" name=\"_wpcf7_unit_tag\" value=\"wpcf7-f3665-o1\" \/><input type=\"hidden\" name=\"_wpcf7_container_post\" value=\"0\" \/><input type=\"hidden\" name=\"_wpcf7_posted_data_hash\" value=\"\" \/><input type=\"hidden\" name=\"_wpcf7_recaptcha_response\" value=\"\" \/>\n<\/fieldset>\n<p><label> Votre nom<br \/>\n<span class=\"wpcf7-form-control-wrap\" data-name=\"your-name\"><input size=\"40\" maxlength=\"400\" class=\"wpcf7-form-control wpcf7-text wpcf7-validates-as-required\" autocomplete=\"name\" aria-required=\"true\" aria-invalid=\"false\" value=\"\" type=\"text\" name=\"your-name\" \/><\/span> <\/label>\n<\/p>\n<p><label> Votre courriel<br \/>\n<span class=\"wpcf7-form-control-wrap\" data-name=\"your-email\"><input size=\"40\" maxlength=\"400\" class=\"wpcf7-form-control wpcf7-email wpcf7-validates-as-required wpcf7-text wpcf7-validates-as-email\" autocomplete=\"email\" aria-required=\"true\" aria-invalid=\"false\" value=\"\" type=\"email\" name=\"your-email\" \/><\/span> <\/label>\n<\/p>\n<p><label> Sujet<br \/>\n<span class=\"wpcf7-form-control-wrap\" data-name=\"your-subject\"><input size=\"40\" maxlength=\"400\" class=\"wpcf7-form-control wpcf7-text wpcf7-validates-as-required\" aria-required=\"true\" aria-invalid=\"false\" value=\"\" type=\"text\" name=\"your-subject\" \/><\/span> <\/label>\n<\/p>\n<p><label> Votre message (optional)<br \/>\n<span class=\"wpcf7-form-control-wrap\" data-name=\"your-message\"><textarea cols=\"40\" rows=\"10\" maxlength=\"2000\" class=\"wpcf7-form-control wpcf7-textarea\" aria-invalid=\"false\" name=\"your-message\"><\/textarea><\/span> <\/label>\n<\/p>\n<p><input class=\"wpcf7-form-control wpcf7-submit has-spinner\" type=\"submit\" value=\"Envoyer\" \/>\n<\/p><div class=\"wpcf7-response-output\" aria-hidden=\"true\"><\/div>\n<\/form>\n<\/div>\n[\/vc_column_text][\/vc_column_inner][vc_column_inner width=&#8221;5\/12&#8243;][vc_column_text css_animation=&#8221;fadeInUp&#8221;]<img decoding=\"async\" src=\"https:\/\/dmlequipeur.com\/wp-content\/uploads\/2019\/03\/contact-man-bg-3.png\" alt=\"man\" \/>[\/vc_column_text][\/vc_column_inner][\/vc_row_inner][\/vc_column][\/vc_row]<\/p>\n<\/div>","protected":false},"excerpt":{"rendered":"<p>[vc_row css=&#8221;.vc_custom_1529674838949{margin-top: 90px !important;margin-bottom: 90px !important;}&#8221;][vc_column][vc_empty_space height=&#8221;10px&#8221;][vc_column_text css_animation=&#8221;none&#8221;][\/vc_column_text][\/vc_column][\/vc_row][vc_row full_width=&#8221;stretch_row&#8221; css=&#8221;.vc_custom_1553009489731{margin-bottom: 0px !important;padding-top: 0px !important;padding-bottom: 0px !important;background-color: #151515 !important;}&#8221;][vc_column][vc_row_inner css=&#8221;.vc_custom_1552647182103{margin-bottom: 0px !important;}&#8221;][vc_column_inner width=&#8221;7\/12&#8243; css=&#8221;.vc_custom_1553009441969{padding-top: 65px !important;padding-right: 50px !important;padding-bottom: 80px !important;}&#8221;][vc_column_text css_animation=&#8221;fadeInUp&#8221; css=&#8221;&#8221;][\/vc_column_text][\/vc_column_inner][vc_column_inner width=&#8221;5\/12&#8243;][vc_column_text css_animation=&#8221;fadeInUp&#8221;][\/vc_column_text][\/vc_column_inner][\/vc_row_inner][\/vc_column][\/vc_row]<\/p>\n","protected":false},"author":1,"featured_media":3066,"parent":0,"menu_order":0,"comment_status":"closed","ping_status":"closed","template":"","meta":{"footnotes":""},"class_list":["post-3662","page","type-page","status-publish","has-post-thumbnail","hentry"],"yoast_head":"<!-- This site is optimized with the Yoast SEO plugin v27.0 - https:\/\/yoast.com\/product\/yoast-seo-wordpress\/ -->\n<title>Projets - DM L\u2019EQUIPEUR<\/title>\n<meta name=\"description\" content=\"Parcourez nos projets r\u00e9alis\u00e9s : quais, r\u00e9novations, foyers, saunas et plus. Des r\u00e9alisations solides et sur mesure partout au Qu\u00e9bec.\" \/>\n<meta name=\"robots\" content=\"index, follow, max-snippet:-1, max-image-preview:large, max-video-preview:-1\" \/>\n<link rel=\"canonical\" href=\"https:\/\/dmlequipeur.com\/fr\/projets\/\" \/>\n<meta property=\"og:locale\" content=\"fr_FR\" \/>\n<meta property=\"og:type\" content=\"article\" \/>\n<meta property=\"og:title\" content=\"Projets - DM L\u2019EQUIPEUR\" \/>\n<meta property=\"og:description\" content=\"Parcourez nos projets r\u00e9alis\u00e9s : quais, r\u00e9novations, foyers, saunas et plus. Des r\u00e9alisations solides et sur mesure partout au Qu\u00e9bec.\" \/>\n<meta property=\"og:url\" content=\"https:\/\/dmlequipeur.com\/fr\/projets\/\" \/>\n<meta property=\"og:site_name\" content=\"DM L\u2019EQUIPEUR\" \/>\n<meta property=\"article:publisher\" content=\"https:\/\/www.facebook.com\/p\/DM-Lquipeur-100054229310517\/?_rdr\" \/>\n<meta property=\"article:modified_time\" content=\"2025-07-17T17:28:29+00:00\" \/>\n<meta property=\"og:image\" content=\"https:\/\/dmlequipeur.com\/wp-content\/uploads\/2019\/03\/breadcumbs-section.jpg\" \/>\n\t<meta property=\"og:image:width\" content=\"1500\" \/>\n\t<meta property=\"og:image:height\" content=\"255\" \/>\n\t<meta property=\"og:image:type\" content=\"image\/jpeg\" \/>\n<meta name=\"twitter:card\" content=\"summary_large_image\" \/>\n<meta name=\"twitter:label1\" content=\"Dur\u00e9e de lecture estim\u00e9e\" \/>\n\t<meta name=\"twitter:data1\" content=\"1 minute\" \/>\n<script type=\"application\/ld+json\" class=\"yoast-schema-graph\">{\"@context\":\"https:\/\/schema.org\",\"@graph\":[{\"@type\":\"WebPage\",\"@id\":\"https:\/\/dmlequipeur.com\/fr\/projets\/\",\"url\":\"https:\/\/dmlequipeur.com\/fr\/projets\/\",\"name\":\"Projets - DM L\u2019EQUIPEUR\",\"isPartOf\":{\"@id\":\"https:\/\/dmlequipeur.com\/#website\"},\"primaryImageOfPage\":{\"@id\":\"https:\/\/dmlequipeur.com\/fr\/projets\/#primaryimage\"},\"image\":{\"@id\":\"https:\/\/dmlequipeur.com\/fr\/projets\/#primaryimage\"},\"thumbnailUrl\":\"https:\/\/dmlequipeur.com\/wp-content\/uploads\/2019\/03\/breadcumbs-section.jpg\",\"datePublished\":\"2018-07-09T11:22:48+00:00\",\"dateModified\":\"2025-07-17T17:28:29+00:00\",\"description\":\"Parcourez nos projets r\u00e9alis\u00e9s : quais, r\u00e9novations, foyers, saunas et plus. Des r\u00e9alisations solides et sur mesure partout au Qu\u00e9bec.\",\"breadcrumb\":{\"@id\":\"https:\/\/dmlequipeur.com\/fr\/projets\/#breadcrumb\"},\"inLanguage\":\"fr-FR\",\"potentialAction\":[{\"@type\":\"ReadAction\",\"target\":[\"https:\/\/dmlequipeur.com\/fr\/projets\/\"]}]},{\"@type\":\"ImageObject\",\"inLanguage\":\"fr-FR\",\"@id\":\"https:\/\/dmlequipeur.com\/fr\/projets\/#primaryimage\",\"url\":\"https:\/\/dmlequipeur.com\/wp-content\/uploads\/2019\/03\/breadcumbs-section.jpg\",\"contentUrl\":\"https:\/\/dmlequipeur.com\/wp-content\/uploads\/2019\/03\/breadcumbs-section.jpg\",\"width\":1500,\"height\":255},{\"@type\":\"BreadcrumbList\",\"@id\":\"https:\/\/dmlequipeur.com\/fr\/projets\/#breadcrumb\",\"itemListElement\":[{\"@type\":\"ListItem\",\"position\":1,\"name\":\"Accueil\",\"item\":\"https:\/\/dmlequipeur.com\/fr\/\"},{\"@type\":\"ListItem\",\"position\":2,\"name\":\"Projets\"}]},{\"@type\":\"WebSite\",\"@id\":\"https:\/\/dmlequipeur.com\/#website\",\"url\":\"https:\/\/dmlequipeur.com\/\",\"name\":\"DM L\u2019EQUIPEUR\",\"description\":\"A TEAM OF EXPERIENCE AT YOUR SERVICE.\",\"publisher\":{\"@id\":\"https:\/\/dmlequipeur.com\/#organization\"},\"potentialAction\":[{\"@type\":\"SearchAction\",\"target\":{\"@type\":\"EntryPoint\",\"urlTemplate\":\"https:\/\/dmlequipeur.com\/?s={search_term_string}\"},\"query-input\":{\"@type\":\"PropertyValueSpecification\",\"valueRequired\":true,\"valueName\":\"search_term_string\"}}],\"inLanguage\":\"fr-FR\"},{\"@type\":\"Organization\",\"@id\":\"https:\/\/dmlequipeur.com\/#organization\",\"name\":\"DM L\u2019EQUIPEUR\",\"url\":\"https:\/\/dmlequipeur.com\/\",\"logo\":{\"@type\":\"ImageObject\",\"inLanguage\":\"fr-FR\",\"@id\":\"https:\/\/dmlequipeur.com\/#\/schema\/logo\/image\/\",\"url\":\"https:\/\/dmlequipeur.com\/wp-content\/uploads\/2025\/05\/logo_DM_vert.png\",\"contentUrl\":\"https:\/\/dmlequipeur.com\/wp-content\/uploads\/2025\/05\/logo_DM_vert.png\",\"width\":693,\"height\":110,\"caption\":\"DM L\u2019EQUIPEUR\"},\"image\":{\"@id\":\"https:\/\/dmlequipeur.com\/#\/schema\/logo\/image\/\"},\"sameAs\":[\"https:\/\/www.facebook.com\/p\/DM-Lquipeur-100054229310517\/?_rdr\"]}]}<\/script>\n<!-- \/ Yoast SEO plugin. -->","yoast_head_json":{"title":"Projets - DM L\u2019EQUIPEUR","description":"Parcourez nos projets r\u00e9alis\u00e9s : quais, r\u00e9novations, foyers, saunas et plus. Des r\u00e9alisations solides et sur mesure partout au Qu\u00e9bec.","robots":{"index":"index","follow":"follow","max-snippet":"max-snippet:-1","max-image-preview":"max-image-preview:large","max-video-preview":"max-video-preview:-1"},"canonical":"https:\/\/dmlequipeur.com\/fr\/projets\/","og_locale":"fr_FR","og_type":"article","og_title":"Projets - DM L\u2019EQUIPEUR","og_description":"Parcourez nos projets r\u00e9alis\u00e9s : quais, r\u00e9novations, foyers, saunas et plus. Des r\u00e9alisations solides et sur mesure partout au Qu\u00e9bec.","og_url":"https:\/\/dmlequipeur.com\/fr\/projets\/","og_site_name":"DM L\u2019EQUIPEUR","article_publisher":"https:\/\/www.facebook.com\/p\/DM-Lquipeur-100054229310517\/?_rdr","article_modified_time":"2025-07-17T17:28:29+00:00","og_image":[{"width":1500,"height":255,"url":"https:\/\/dmlequipeur.com\/wp-content\/uploads\/2019\/03\/breadcumbs-section.jpg","type":"image\/jpeg"}],"twitter_card":"summary_large_image","twitter_misc":{"Dur\u00e9e de lecture estim\u00e9e":"1 minute"},"schema":{"@context":"https:\/\/schema.org","@graph":[{"@type":"WebPage","@id":"https:\/\/dmlequipeur.com\/fr\/projets\/","url":"https:\/\/dmlequipeur.com\/fr\/projets\/","name":"Projets - DM L\u2019EQUIPEUR","isPartOf":{"@id":"https:\/\/dmlequipeur.com\/#website"},"primaryImageOfPage":{"@id":"https:\/\/dmlequipeur.com\/fr\/projets\/#primaryimage"},"image":{"@id":"https:\/\/dmlequipeur.com\/fr\/projets\/#primaryimage"},"thumbnailUrl":"https:\/\/dmlequipeur.com\/wp-content\/uploads\/2019\/03\/breadcumbs-section.jpg","datePublished":"2018-07-09T11:22:48+00:00","dateModified":"2025-07-17T17:28:29+00:00","description":"Parcourez nos projets r\u00e9alis\u00e9s : quais, r\u00e9novations, foyers, saunas et plus. Des r\u00e9alisations solides et sur mesure partout au Qu\u00e9bec.","breadcrumb":{"@id":"https:\/\/dmlequipeur.com\/fr\/projets\/#breadcrumb"},"inLanguage":"fr-FR","potentialAction":[{"@type":"ReadAction","target":["https:\/\/dmlequipeur.com\/fr\/projets\/"]}]},{"@type":"ImageObject","inLanguage":"fr-FR","@id":"https:\/\/dmlequipeur.com\/fr\/projets\/#primaryimage","url":"https:\/\/dmlequipeur.com\/wp-content\/uploads\/2019\/03\/breadcumbs-section.jpg","contentUrl":"https:\/\/dmlequipeur.com\/wp-content\/uploads\/2019\/03\/breadcumbs-section.jpg","width":1500,"height":255},{"@type":"BreadcrumbList","@id":"https:\/\/dmlequipeur.com\/fr\/projets\/#breadcrumb","itemListElement":[{"@type":"ListItem","position":1,"name":"Accueil","item":"https:\/\/dmlequipeur.com\/fr\/"},{"@type":"ListItem","position":2,"name":"Projets"}]},{"@type":"WebSite","@id":"https:\/\/dmlequipeur.com\/#website","url":"https:\/\/dmlequipeur.com\/","name":"DM L\u2019EQUIPEUR","description":"A TEAM OF EXPERIENCE AT YOUR SERVICE.","publisher":{"@id":"https:\/\/dmlequipeur.com\/#organization"},"potentialAction":[{"@type":"SearchAction","target":{"@type":"EntryPoint","urlTemplate":"https:\/\/dmlequipeur.com\/?s={search_term_string}"},"query-input":{"@type":"PropertyValueSpecification","valueRequired":true,"valueName":"search_term_string"}}],"inLanguage":"fr-FR"},{"@type":"Organization","@id":"https:\/\/dmlequipeur.com\/#organization","name":"DM L\u2019EQUIPEUR","url":"https:\/\/dmlequipeur.com\/","logo":{"@type":"ImageObject","inLanguage":"fr-FR","@id":"https:\/\/dmlequipeur.com\/#\/schema\/logo\/image\/","url":"https:\/\/dmlequipeur.com\/wp-content\/uploads\/2025\/05\/logo_DM_vert.png","contentUrl":"https:\/\/dmlequipeur.com\/wp-content\/uploads\/2025\/05\/logo_DM_vert.png","width":693,"height":110,"caption":"DM L\u2019EQUIPEUR"},"image":{"@id":"https:\/\/dmlequipeur.com\/#\/schema\/logo\/image\/"},"sameAs":["https:\/\/www.facebook.com\/p\/DM-Lquipeur-100054229310517\/?_rdr"]}]}},"_links":{"self":[{"href":"https:\/\/dmlequipeur.com\/fr\/wp-json\/wp\/v2\/pages\/3662","targetHints":{"allow":["GET"]}}],"collection":[{"href":"https:\/\/dmlequipeur.com\/fr\/wp-json\/wp\/v2\/pages"}],"about":[{"href":"https:\/\/dmlequipeur.com\/fr\/wp-json\/wp\/v2\/types\/page"}],"author":[{"embeddable":true,"href":"https:\/\/dmlequipeur.com\/fr\/wp-json\/wp\/v2\/users\/1"}],"replies":[{"embeddable":true,"href":"https:\/\/dmlequipeur.com\/fr\/wp-json\/wp\/v2\/comments?post=3662"}],"version-history":[{"count":5,"href":"https:\/\/dmlequipeur.com\/fr\/wp-json\/wp\/v2\/pages\/3662\/revisions"}],"predecessor-version":[{"id":3957,"href":"https:\/\/dmlequipeur.com\/fr\/wp-json\/wp\/v2\/pages\/3662\/revisions\/3957"}],"wp:featuredmedia":[{"embeddable":true,"href":"https:\/\/dmlequipeur.com\/fr\/wp-json\/wp\/v2\/media\/3066"}],"wp:attachment":[{"href":"https:\/\/dmlequipeur.com\/fr\/wp-json\/wp\/v2\/media?parent=3662"}],"curies":[{"name":"wp","href":"https:\/\/api.w.org\/{rel}","templated":true}]}}